{"id":13866,"date":"2024-07-27T11:52:34","date_gmt":"2024-07-27T11:52:34","guid":{"rendered":"https:\/\/mockupajans.com\/netadam\/?page_id=13866"},"modified":"2024-07-27T12:02:18","modified_gmt":"2024-07-27T12:02:18","slug":"startex-on-maliyet-programi","status":"publish","type":"page","link":"https:\/\/mockupajans.com\/netadam\/startex-on-maliyet-programi\/","title":{"rendered":"StarTex \u00d6n Maliyet Program\u0131"},"content":{"rendered":"\t\t<div data-elementor-type=\"wp-page\" data-elementor-id=\"13866\" class=\"elementor elementor-13866\" data-elementor-post-type=\"page\">\n\t\t\t\t<div class=\"elementor-element elementor-element-02e79e4 e-flex e-con-boxed e-con e-parent\" data-id=\"02e79e4\" data-element_type=\"container\">\n\t\t\t\t\t<div class=\"e-con-inner\">\n\t\t\t\t\t<\/div>\n\t\t\t\t<\/div>\n\t\t<div class=\"elementor-element elementor-element-15c8e3d e-grid e-con-boxed e-con e-parent\" data-id=\"15c8e3d\" data-element_type=\"container\">\n\t\t\t\t\t<div class=\"e-con-inner\">\n\t\t\t\t<div class=\"elementor-element elementor-element-45f8164 elementor-widget__width-inherit elementor-widget-tablet__width-inherit animated-slow elementor-invisible elementor-widget elementor-widget-deon_core_section_title\" data-id=\"45f8164\" data-element_type=\"widget\" data-settings=\"{&quot;_animation&quot;:&quot;zoomIn&quot;}\" data-widget_type=\"deon_core_section_title.default\">\n\t\t\t\t<div class=\"elementor-widget-container\">\n\t\t\t<div class=\"qodef-shortcode qodef-m  qodef-section-title qodef-alignment--center  \">\n\t\t\t<h2 class=\"qodef-m-title\" style=\"background-image: -webkit-linear-gradient(45deg,#5cc3ee 0%, #5d91ef 29%, #5e5ef0 50%, #947be1 73%, #ca97d2 100%);-webkit-background-clip: text; -webkit-text-fill-color: transparent;\">\n\t\t\t\t\tStarTex Konfeksiyon \u00d6n Maliyet Program\u0131\t\t\t<\/h2>\n\t\t\t<\/div>\n\t\t<\/div>\n\t\t\t\t<\/div>\n\t\t\t\t\t<\/div>\n\t\t\t\t<\/div>\n\t\t<div class=\"elementor-element elementor-element-be30e73 e-grid e-con-boxed e-con e-parent\" data-id=\"be30e73\" data-element_type=\"container\">\n\t\t\t\t\t<div class=\"e-con-inner\">\n\t\t<div class=\"elementor-element elementor-element-4323f02 e-flex e-con-boxed e-con e-child\" data-id=\"4323f02\" data-element_type=\"container\">\n\t\t\t\t\t<div class=\"e-con-inner\">\n\t\t\t\t\t<\/div>\n\t\t\t\t<\/div>\n\t\t\t\t\t<\/div>\n\t\t\t\t<\/div>\n\t\t<div class=\"elementor-element elementor-element-0d72d71 e-flex e-con-boxed e-con e-parent\" data-id=\"0d72d71\" data-element_type=\"container\">\n\t\t\t\t\t<div class=\"e-con-inner\">\n\t\t<div class=\"elementor-element elementor-element-6c70cf3 e-con-full e-flex e-con e-child\" data-id=\"6c70cf3\" data-element_type=\"container\">\n\t\t\t\t<div class=\"elementor-element elementor-element-38cd87c elementor-widget elementor-widget-qi_addons_for_elementor_image_slider\" data-id=\"38cd87c\" data-element_type=\"widget\" data-widget_type=\"qi_addons_for_elementor_image_slider.default\">\n\t\t\t\t<div class=\"elementor-widget-container\">\n\t\t\t<div class=\"qodef-shortcode qodef-m  qodef-qi-image-slider qodef-qi-fslightbox-popup qodef-popup-gallery    qodef-col-num--1 qodef-qi-grid qodef-qi-swiper-container  qodef-navigation--inside  qodef-pagination--inside    qodef-navigation--hover-move\" data-options=\"{&quot;direction&quot;:&quot;horizontal&quot;,&quot;slidesPerView&quot;:&quot;1&quot;,&quot;spaceBetween&quot;:30,&quot;spaceBetweenTablet&quot;:30,&quot;spaceBetweenMobile&quot;:30,&quot;effect&quot;:&quot;slide&quot;,&quot;loop&quot;:true,&quot;autoplay&quot;:true,&quot;centeredSlides&quot;:false,&quot;speed&quot;:&quot;&quot;,&quot;speedAnimation&quot;:&quot;&quot;,&quot;outsideNavigation&quot;:&quot;no&quot;,&quot;outsidePagination&quot;:&quot;no&quot;,&quot;unique&quot;:136,&quot;partialValue&quot;:0,&quot;disablePartialValue&quot;:&quot;&quot;}\">\n\t<div class=\"swiper-wrapper\">\n\t\t<div class=\"qodef-e swiper-slide\">\n\t<div class=\"qodef-e-inner\">\n\t\t<div class=\"qodef-e-inner-holder\">\n\t\t\t\t\t\t\t<a class=\"qodef-popup-item\" itemprop=\"image\" href=\"https:\/\/mockupajans.com\/netadam\/wp-content\/uploads\/2024\/07\/Startex_On_Maliyet-1.jpg\" data-type=\"image\" data-fslightbox=\"gallery-136\">\n\t\t\t\t\t\t\t<img fetchpriority=\"high\" decoding=\"async\" width=\"1920\" height=\"1080\" src=\"https:\/\/mockupajans.com\/netadam\/wp-content\/uploads\/2024\/07\/Startex_On_Maliyet-1.jpg\" class=\"attachment-full size-full\" alt=\"\" srcset=\"https:\/\/mockupajans.com\/netadam\/wp-content\/uploads\/2024\/07\/Startex_On_Maliyet-1.jpg 1920w, https:\/\/mockupajans.com\/netadam\/wp-content\/uploads\/2024\/07\/Startex_On_Maliyet-1-300x169.jpg 300w, https:\/\/mockupajans.com\/netadam\/wp-content\/uploads\/2024\/07\/Startex_On_Maliyet-1-1024x576.jpg 1024w, https:\/\/mockupajans.com\/netadam\/wp-content\/uploads\/2024\/07\/Startex_On_Maliyet-1-768x432.jpg 768w, https:\/\/mockupajans.com\/netadam\/wp-content\/uploads\/2024\/07\/Startex_On_Maliyet-1-1536x864.jpg 1536w, https:\/\/mockupajans.com\/netadam\/wp-content\/uploads\/2024\/07\/Startex_On_Maliyet-1-600x338.jpg 600w\" sizes=\"(max-width: 1920px) 100vw, 1920px\" \/>\t\t\t\t\t\t\t<\/a>\n\t\t\t\t\t<\/div>\n\t<\/div>\n\t<\/div>\n<div class=\"qodef-e swiper-slide\">\n\t<div class=\"qodef-e-inner\">\n\t\t<div class=\"qodef-e-inner-holder\">\n\t\t\t\t\t\t\t<a class=\"qodef-popup-item\" itemprop=\"image\" href=\"https:\/\/mockupajans.com\/netadam\/wp-content\/uploads\/2024\/07\/Startex_On_Maliyet_Raporu.jpg\" data-type=\"image\" data-fslightbox=\"gallery-136\">\n\t\t\t\t\t\t\t<img decoding=\"async\" width=\"1920\" height=\"1080\" src=\"https:\/\/mockupajans.com\/netadam\/wp-content\/uploads\/2024\/07\/Startex_On_Maliyet_Raporu.jpg\" class=\"attachment-full size-full\" alt=\"\" srcset=\"https:\/\/mockupajans.com\/netadam\/wp-content\/uploads\/2024\/07\/Startex_On_Maliyet_Raporu.jpg 1920w, https:\/\/mockupajans.com\/netadam\/wp-content\/uploads\/2024\/07\/Startex_On_Maliyet_Raporu-300x169.jpg 300w, https:\/\/mockupajans.com\/netadam\/wp-content\/uploads\/2024\/07\/Startex_On_Maliyet_Raporu-1024x576.jpg 1024w, https:\/\/mockupajans.com\/netadam\/wp-content\/uploads\/2024\/07\/Startex_On_Maliyet_Raporu-768x432.jpg 768w, https:\/\/mockupajans.com\/netadam\/wp-content\/uploads\/2024\/07\/Startex_On_Maliyet_Raporu-1536x864.jpg 1536w, https:\/\/mockupajans.com\/netadam\/wp-content\/uploads\/2024\/07\/Startex_On_Maliyet_Raporu-600x338.jpg 600w\" sizes=\"(max-width: 1920px) 100vw, 1920px\" \/>\t\t\t\t\t\t\t<\/a>\n\t\t\t\t\t<\/div>\n\t<\/div>\n\t<\/div>\n\t<\/div>\n\t\t<div class=\"swiper-button-prev\"><svg class=\"qodef-swiper-arrow-left\" xmlns=\"http:\/\/www.w3.org\/2000\/svg\" x=\"0px\" y=\"0px\" viewBox=\"0 0 34.2 32.3\" xml:space=\"preserve\" style=\"stroke-width: 2;\"><line x1=\"0.5\" y1=\"16\" x2=\"33.5\" y2=\"16\"\/><line x1=\"0.3\" y1=\"16.5\" x2=\"16.2\" y2=\"0.7\"\/><line x1=\"0\" y1=\"15.4\" x2=\"16.2\" y2=\"31.6\"\/><\/svg><\/div>\n\t<div class=\"swiper-button-next\"><svg class=\"qodef-swiper-arrow-right\" xmlns=\"http:\/\/www.w3.org\/2000\/svg\" x=\"0px\" y=\"0px\" viewBox=\"0 0 34.2 32.3\" xml:space=\"preserve\" style=\"stroke-width: 2;\"><line x1=\"0\" y1=\"16\" x2=\"33\" y2=\"16\"\/><line x1=\"17.3\" y1=\"0.7\" x2=\"33.2\" y2=\"16.5\"\/><line x1=\"17.3\" y1=\"31.6\" x2=\"33.5\" y2=\"15.4\"\/><\/svg><\/div>\n\t<div class=\"swiper-pagination\"><\/div>\n<\/div>\n\t\t<\/div>\n\t\t\t\t<\/div>\n\t\t\t\t<\/div>\n\t\t\t\t\t<\/div>\n\t\t\t\t<\/div>\n\t\t<div class=\"elementor-element elementor-element-be25c19 e-grid e-con-boxed e-con e-parent\" data-id=\"be25c19\" data-element_type=\"container\">\n\t\t\t\t\t<div class=\"e-con-inner\">\n\t\t<div class=\"elementor-element elementor-element-a43e197 e-grid e-con-boxed e-con e-child\" data-id=\"a43e197\" data-element_type=\"container\">\n\t\t\t\t\t<div class=\"e-con-inner\">\n\t\t\t\t<div class=\"elementor-element elementor-element-9e62250 elementor-widget elementor-widget-text-editor\" data-id=\"9e62250\" data-element_type=\"widget\" data-widget_type=\"text-editor.default\">\n\t\t\t\t<div class=\"elementor-widget-container\">\n\t\t\t<style>\/*! elementor - v3.22.0 - 26-06-2024 *\/\n.elementor-widget-text-editor.elementor-drop-cap-view-stacked .elementor-drop-cap{background-color:#69727d;color:#fff}.elementor-widget-text-editor.elementor-drop-cap-view-framed .elementor-drop-cap{color:#69727d;border:3px solid;background-color:transparent}.elementor-widget-text-editor:not(.elementor-drop-cap-view-default) .elementor-drop-cap{margin-top:8px}.elementor-widget-text-editor:not(.elementor-drop-cap-view-default) .elementor-drop-cap-letter{width:1em;height:1em}.elementor-widget-text-editor .elementor-drop-cap{float:left;text-align:center;line-height:1;font-size:50px}.elementor-widget-text-editor .elementor-drop-cap-letter{display:inline-block}<\/style>\t\t\t\t<p><span style=\"color: #000000;\"><strong>StarTex Konfeksiyon Y\u00f6netim Program\u0131<\/strong>&#8216;n\u0131n\u00a0<strong>\u00d6n Maliyet Mod\u00fcl\u00fc<\/strong>:<\/span><\/p><ul><li><span style=\"color: #000000;\">Farkl\u0131 d\u00f6viz cinsinde \u00e7apraz \u00e7evrim yapabilirsiniz.<\/span><\/li><li><span style=\"color: #000000;\">Sat\u0131r baz\u0131nda h\u0131zl\u0131 \u00e7al\u0131\u015fma tablosunu kullanabilirsiniz. Stok kart\u0131 tan\u0131mlamadan Excel tarz\u0131 maliyet sat\u0131r giri\u015fi yapabilirsiniz.<\/span><\/li><li><span style=\"color: #000000;\">A\u015fa\u011f\u0131dan yukar\u0131ya ya da yukar\u0131dan a\u015fa\u011f\u0131ya maliyet hesaplamas\u0131 yapabilirsiniz.<\/span><\/li><li><span style=\"color: #000000;\">Pazarl\u0131k an\u0131nda karl\u0131l\u0131k analizi yapabilirsiniz.<\/span><\/li><li><span style=\"color: #000000;\">Stok ile entegre maliyet \u00e7al\u0131\u015fmas\u0131 yapabilirsiniz.<\/span><\/li><li><span style=\"color: #000000;\">Ana Maliyet t\u00fcrlerine g\u00f6re pasta grafi\u011fi alabilirsiniz.<\/span><\/li><li><span style=\"color: #000000;\">Model kart\u0131nda \u00d6n maliyet ekran\u0131na otomatik tek tu\u015fla aktarabilirsiniz.<\/span><\/li><li><span style=\"color: #000000;\">\u00d6n maliyet ekran\u0131ndan model kart\u0131 olu\u015fturabilirsiniz.<\/span><\/li><li><span style=\"color: #000000;\">\u0130plik, \u00d6rme ve Boyal\u0131 kuma\u015f maliyet detaylar\u0131na inerek detayl\u0131 maliyet \u00e7al\u0131\u015fmas\u0131 yapabilirsiniz.<\/span><\/li><li><span style=\"color: #000000;\">Detayl\u0131 maliyet raporu alabilirsiniz.<\/span><\/li><li><span style=\"color: #000000;\">Teklif verebilirsiniz.<\/span><\/li><li><span style=\"color: #000000;\">\u00d6n maliyet detaylar\u0131n\u0131 i\u015fledi\u011finizde \u201cSon Maliyet Raporu\u201d ile \u00d6n maliyet-Son maliyet kar\u015f\u0131la\u015ft\u0131rmas\u0131 yapabilirsiniz.<\/span><\/li><\/ul>\t\t\t\t\t\t<\/div>\n\t\t\t\t<\/div>\n\t\t\t\t\t<\/div>\n\t\t\t\t<\/div>\n\t\t\t\t\t<\/div>\n\t\t\t\t<\/div>\n\t\t<div class=\"elementor-element elementor-element-1f9967c e-flex e-con-boxed e-con e-parent\" data-id=\"1f9967c\" data-element_type=\"container\">\n\t\t\t\t\t<div class=\"e-con-inner\">\n\t\t\t\t\t<\/div>\n\t\t\t\t<\/div>\n\t\t<div class=\"elementor-element elementor-element-ad7f748 e-flex e-con-boxed e-con e-parent\" data-id=\"ad7f748\" data-element_type=\"container\">\n\t\t\t\t\t<div class=\"e-con-inner\">\n\t\t\t\t\t<\/div>\n\t\t\t\t<\/div>\n\t\t\t\t<\/div>\n\t\t","protected":false},"excerpt":{"rendered":"<p>StarTex Konfeksiyon \u00d6n Maliyet Program\u0131 StarTex Konfeksiyon Y\u00f6netim Program\u0131&#8216;n\u0131n\u00a0\u00d6n Maliyet Mod\u00fcl\u00fc: Farkl\u0131 d\u00f6viz cinsinde \u00e7apraz \u00e7evrim yapabilirsiniz. Sat\u0131r baz\u0131nda h\u0131zl\u0131 \u00e7al\u0131\u015fma tablosunu kullanabilirsiniz. Stok kart\u0131 tan\u0131mlamadan Excel tarz\u0131 maliyet sat\u0131r giri\u015fi yapabilirsiniz. A\u015fa\u011f\u0131dan yukar\u0131ya ya da yukar\u0131dan a\u015fa\u011f\u0131ya maliyet hesaplamas\u0131 yapabilirsiniz. Pazarl\u0131k an\u0131nda karl\u0131l\u0131k analizi yapabilirsiniz. Stok ile entegre maliyet \u00e7al\u0131\u015fmas\u0131 yapabilirsiniz. Ana Maliyet t\u00fcrlerine [&hellip;]<\/p>\n","protected":false},"author":1,"featured_media":0,"parent":0,"menu_order":0,"comment_status":"closed","ping_status":"closed","template":"","meta":{"footnotes":""},"class_list":["post-13866","page","type-page","status-publish","hentry"],"yoast_head":"<!-- This site is optimized with the Yoast SEO plugin v23.4 - https:\/\/yoast.com\/wordpress\/plugins\/seo\/ -->\n<title>StarTex \u00d6n Maliyet Program\u0131 - Net Adam<\/title>\n<meta name=\"robots\" content=\"index, follow, max-snippet:-1, max-image-preview:large, max-video-preview:-1\" \/>\n<link rel=\"canonical\" href=\"https:\/\/mockupajans.com\/netadam\/startex-on-maliyet-programi\/\" \/>\n<meta property=\"og:locale\" content=\"tr_TR\" \/>\n<meta property=\"og:type\" content=\"article\" \/>\n<meta property=\"og:title\" content=\"StarTex \u00d6n Maliyet Program\u0131 - Net Adam\" \/>\n<meta property=\"og:description\" content=\"StarTex Konfeksiyon \u00d6n Maliyet Program\u0131 StarTex Konfeksiyon Y\u00f6netim Program\u0131&#8216;n\u0131n\u00a0\u00d6n Maliyet Mod\u00fcl\u00fc: Farkl\u0131 d\u00f6viz cinsinde \u00e7apraz \u00e7evrim yapabilirsiniz. Sat\u0131r baz\u0131nda h\u0131zl\u0131 \u00e7al\u0131\u015fma tablosunu kullanabilirsiniz. Stok kart\u0131 tan\u0131mlamadan Excel tarz\u0131 maliyet sat\u0131r giri\u015fi yapabilirsiniz. A\u015fa\u011f\u0131dan yukar\u0131ya ya da yukar\u0131dan a\u015fa\u011f\u0131ya maliyet hesaplamas\u0131 yapabilirsiniz. Pazarl\u0131k an\u0131nda karl\u0131l\u0131k analizi yapabilirsiniz. Stok ile entegre maliyet \u00e7al\u0131\u015fmas\u0131 yapabilirsiniz. Ana Maliyet t\u00fcrlerine [&hellip;]\" \/>\n<meta property=\"og:url\" content=\"https:\/\/mockupajans.com\/netadam\/startex-on-maliyet-programi\/\" \/>\n<meta property=\"og:site_name\" content=\"Net Adam\" \/>\n<meta property=\"article:modified_time\" content=\"2024-07-27T12:02:18+00:00\" \/>\n<meta property=\"og:image\" content=\"https:\/\/mockupajans.com\/netadam\/wp-content\/uploads\/2024\/07\/Startex_On_Maliyet-1.jpg\" \/>\n<meta name=\"twitter:card\" content=\"summary_large_image\" \/>\n<meta name=\"twitter:label1\" content=\"Tahmini okuma s\u00fcresi\" \/>\n\t<meta name=\"twitter:data1\" content=\"1 dakika\" \/>\n<script type=\"application\/ld+json\" class=\"yoast-schema-graph\">{\"@context\":\"https:\/\/schema.org\",\"@graph\":[{\"@type\":\"WebPage\",\"@id\":\"https:\/\/mockupajans.com\/netadam\/startex-on-maliyet-programi\/\",\"url\":\"https:\/\/mockupajans.com\/netadam\/startex-on-maliyet-programi\/\",\"name\":\"StarTex \u00d6n Maliyet Program\u0131 - Net Adam\",\"isPartOf\":{\"@id\":\"https:\/\/mockupajans.com\/netadam\/#website\"},\"primaryImageOfPage\":{\"@id\":\"https:\/\/mockupajans.com\/netadam\/startex-on-maliyet-programi\/#primaryimage\"},\"image\":{\"@id\":\"https:\/\/mockupajans.com\/netadam\/startex-on-maliyet-programi\/#primaryimage\"},\"thumbnailUrl\":\"https:\/\/mockupajans.com\/netadam\/wp-content\/uploads\/2024\/07\/Startex_On_Maliyet-1.jpg\",\"datePublished\":\"2024-07-27T11:52:34+00:00\",\"dateModified\":\"2024-07-27T12:02:18+00:00\",\"breadcrumb\":{\"@id\":\"https:\/\/mockupajans.com\/netadam\/startex-on-maliyet-programi\/#breadcrumb\"},\"inLanguage\":\"tr\",\"potentialAction\":[{\"@type\":\"ReadAction\",\"target\":[\"https:\/\/mockupajans.com\/netadam\/startex-on-maliyet-programi\/\"]}]},{\"@type\":\"ImageObject\",\"inLanguage\":\"tr\",\"@id\":\"https:\/\/mockupajans.com\/netadam\/startex-on-maliyet-programi\/#primaryimage\",\"url\":\"https:\/\/mockupajans.com\/netadam\/wp-content\/uploads\/2024\/07\/Startex_On_Maliyet-1.jpg\",\"contentUrl\":\"https:\/\/mockupajans.com\/netadam\/wp-content\/uploads\/2024\/07\/Startex_On_Maliyet-1.jpg\"},{\"@type\":\"BreadcrumbList\",\"@id\":\"https:\/\/mockupajans.com\/netadam\/startex-on-maliyet-programi\/#breadcrumb\",\"itemListElement\":[{\"@type\":\"ListItem\",\"position\":1,\"name\":\"Anasayfa\",\"item\":\"https:\/\/mockupajans.com\/netadam\/\"},{\"@type\":\"ListItem\",\"position\":2,\"name\":\"StarTex \u00d6n Maliyet Program\u0131\"}]},{\"@type\":\"WebSite\",\"@id\":\"https:\/\/mockupajans.com\/netadam\/#website\",\"url\":\"https:\/\/mockupajans.com\/netadam\/\",\"name\":\"Net Adam\",\"description\":\"Gelece\u011fin Yaz\u0131l\u0131m Teknolojisi\",\"publisher\":{\"@id\":\"https:\/\/mockupajans.com\/netadam\/#organization\"},\"potentialAction\":[{\"@type\":\"SearchAction\",\"target\":{\"@type\":\"EntryPoint\",\"urlTemplate\":\"https:\/\/mockupajans.com\/netadam\/?s={search_term_string}\"},\"query-input\":{\"@type\":\"PropertyValueSpecification\",\"valueRequired\":true,\"valueName\":\"search_term_string\"}}],\"inLanguage\":\"tr\"},{\"@type\":\"Organization\",\"@id\":\"https:\/\/mockupajans.com\/netadam\/#organization\",\"name\":\"Net Adam\",\"url\":\"https:\/\/mockupajans.com\/netadam\/\",\"logo\":{\"@type\":\"ImageObject\",\"inLanguage\":\"tr\",\"@id\":\"https:\/\/mockupajans.com\/netadam\/#\/schema\/logo\/image\/\",\"url\":\"https:\/\/mockupajans.com\/netadam\/wp-content\/uploads\/2024\/06\/cropped-logo-1.png\",\"contentUrl\":\"https:\/\/mockupajans.com\/netadam\/wp-content\/uploads\/2024\/06\/cropped-logo-1.png\",\"width\":250,\"height\":80,\"caption\":\"Net Adam\"},\"image\":{\"@id\":\"https:\/\/mockupajans.com\/netadam\/#\/schema\/logo\/image\/\"}}]}<\/script>\n<!-- \/ Yoast SEO plugin. -->","yoast_head_json":{"title":"StarTex \u00d6n Maliyet Program\u0131 - Net Adam","robots":{"index":"index","follow":"follow","max-snippet":"max-snippet:-1","max-image-preview":"max-image-preview:large","max-video-preview":"max-video-preview:-1"},"canonical":"https:\/\/mockupajans.com\/netadam\/startex-on-maliyet-programi\/","og_locale":"tr_TR","og_type":"article","og_title":"StarTex \u00d6n Maliyet Program\u0131 - Net Adam","og_description":"StarTex Konfeksiyon \u00d6n Maliyet Program\u0131 StarTex Konfeksiyon Y\u00f6netim Program\u0131&#8216;n\u0131n\u00a0\u00d6n Maliyet Mod\u00fcl\u00fc: Farkl\u0131 d\u00f6viz cinsinde \u00e7apraz \u00e7evrim yapabilirsiniz. Sat\u0131r baz\u0131nda h\u0131zl\u0131 \u00e7al\u0131\u015fma tablosunu kullanabilirsiniz. Stok kart\u0131 tan\u0131mlamadan Excel tarz\u0131 maliyet sat\u0131r giri\u015fi yapabilirsiniz. A\u015fa\u011f\u0131dan yukar\u0131ya ya da yukar\u0131dan a\u015fa\u011f\u0131ya maliyet hesaplamas\u0131 yapabilirsiniz. Pazarl\u0131k an\u0131nda karl\u0131l\u0131k analizi yapabilirsiniz. Stok ile entegre maliyet \u00e7al\u0131\u015fmas\u0131 yapabilirsiniz. Ana Maliyet t\u00fcrlerine [&hellip;]","og_url":"https:\/\/mockupajans.com\/netadam\/startex-on-maliyet-programi\/","og_site_name":"Net Adam","article_modified_time":"2024-07-27T12:02:18+00:00","og_image":[{"url":"https:\/\/mockupajans.com\/netadam\/wp-content\/uploads\/2024\/07\/Startex_On_Maliyet-1.jpg"}],"twitter_card":"summary_large_image","twitter_misc":{"Tahmini okuma s\u00fcresi":"1 dakika"},"schema":{"@context":"https:\/\/schema.org","@graph":[{"@type":"WebPage","@id":"https:\/\/mockupajans.com\/netadam\/startex-on-maliyet-programi\/","url":"https:\/\/mockupajans.com\/netadam\/startex-on-maliyet-programi\/","name":"StarTex \u00d6n Maliyet Program\u0131 - Net Adam","isPartOf":{"@id":"https:\/\/mockupajans.com\/netadam\/#website"},"primaryImageOfPage":{"@id":"https:\/\/mockupajans.com\/netadam\/startex-on-maliyet-programi\/#primaryimage"},"image":{"@id":"https:\/\/mockupajans.com\/netadam\/startex-on-maliyet-programi\/#primaryimage"},"thumbnailUrl":"https:\/\/mockupajans.com\/netadam\/wp-content\/uploads\/2024\/07\/Startex_On_Maliyet-1.jpg","datePublished":"2024-07-27T11:52:34+00:00","dateModified":"2024-07-27T12:02:18+00:00","breadcrumb":{"@id":"https:\/\/mockupajans.com\/netadam\/startex-on-maliyet-programi\/#breadcrumb"},"inLanguage":"tr","potentialAction":[{"@type":"ReadAction","target":["https:\/\/mockupajans.com\/netadam\/startex-on-maliyet-programi\/"]}]},{"@type":"ImageObject","inLanguage":"tr","@id":"https:\/\/mockupajans.com\/netadam\/startex-on-maliyet-programi\/#primaryimage","url":"https:\/\/mockupajans.com\/netadam\/wp-content\/uploads\/2024\/07\/Startex_On_Maliyet-1.jpg","contentUrl":"https:\/\/mockupajans.com\/netadam\/wp-content\/uploads\/2024\/07\/Startex_On_Maliyet-1.jpg"},{"@type":"BreadcrumbList","@id":"https:\/\/mockupajans.com\/netadam\/startex-on-maliyet-programi\/#breadcrumb","itemListElement":[{"@type":"ListItem","position":1,"name":"Anasayfa","item":"https:\/\/mockupajans.com\/netadam\/"},{"@type":"ListItem","position":2,"name":"StarTex \u00d6n Maliyet Program\u0131"}]},{"@type":"WebSite","@id":"https:\/\/mockupajans.com\/netadam\/#website","url":"https:\/\/mockupajans.com\/netadam\/","name":"Net Adam","description":"Gelece\u011fin Yaz\u0131l\u0131m Teknolojisi","publisher":{"@id":"https:\/\/mockupajans.com\/netadam\/#organization"},"potentialAction":[{"@type":"SearchAction","target":{"@type":"EntryPoint","urlTemplate":"https:\/\/mockupajans.com\/netadam\/?s={search_term_string}"},"query-input":{"@type":"PropertyValueSpecification","valueRequired":true,"valueName":"search_term_string"}}],"inLanguage":"tr"},{"@type":"Organization","@id":"https:\/\/mockupajans.com\/netadam\/#organization","name":"Net Adam","url":"https:\/\/mockupajans.com\/netadam\/","logo":{"@type":"ImageObject","inLanguage":"tr","@id":"https:\/\/mockupajans.com\/netadam\/#\/schema\/logo\/image\/","url":"https:\/\/mockupajans.com\/netadam\/wp-content\/uploads\/2024\/06\/cropped-logo-1.png","contentUrl":"https:\/\/mockupajans.com\/netadam\/wp-content\/uploads\/2024\/06\/cropped-logo-1.png","width":250,"height":80,"caption":"Net Adam"},"image":{"@id":"https:\/\/mockupajans.com\/netadam\/#\/schema\/logo\/image\/"}}]}},"_links":{"self":[{"href":"https:\/\/mockupajans.com\/netadam\/wp-json\/wp\/v2\/pages\/13866","targetHints":{"allow":["GET"]}}],"collection":[{"href":"https:\/\/mockupajans.com\/netadam\/wp-json\/wp\/v2\/pages"}],"about":[{"href":"https:\/\/mockupajans.com\/netadam\/wp-json\/wp\/v2\/types\/page"}],"author":[{"embeddable":true,"href":"https:\/\/mockupajans.com\/netadam\/wp-json\/wp\/v2\/users\/1"}],"replies":[{"embeddable":true,"href":"https:\/\/mockupajans.com\/netadam\/wp-json\/wp\/v2\/comments?post=13866"}],"version-history":[{"count":5,"href":"https:\/\/mockupajans.com\/netadam\/wp-json\/wp\/v2\/pages\/13866\/revisions"}],"predecessor-version":[{"id":13874,"href":"https:\/\/mockupajans.com\/netadam\/wp-json\/wp\/v2\/pages\/13866\/revisions\/13874"}],"wp:attachment":[{"href":"https:\/\/mockupajans.com\/netadam\/wp-json\/wp\/v2\/media?parent=13866"}],"curies":[{"name":"wp","href":"https:\/\/api.w.org\/{rel}","templated":true}]}}